{"id":5033,"date":"2026-03-10T13:03:43","date_gmt":"2026-03-10T11:03:43","guid":{"rendered":"https:\/\/wetest.rahnbodmer.ch\/?page_id=5033"},"modified":"2026-03-10T13:15:08","modified_gmt":"2026-03-10T11:15:08","slug":"willkommen","status":"publish","type":"page","link":"https:\/\/wetest.rahnbodmer.ch\/en\/willkommen","title":{"rendered":"Willkommen"},"content":{"rendered":"\n<header>\n\t\t\t\t<div class=\"header_inner\">\n\t\t\t\t\n\t\t\t\t\t<a href=\"https:\/\/www.rahnbodmer.ch\" target=\"_blank\" rel=\"nofollow noopener\"><img decoding=\"async\" class=\"logo_rb\" src=\"https:\/\/www.rahnbodmer.ch\/wp-content\/themes\/rahnbodmer\/img\/rb_logo.svg\"><\/a>\n\t\t\t\t\t\n\t\t\t\t\n\t\t\t\t\t\n\t\t\t\t<\/div>\n\t\t\t<\/header>\n\n\n\n<div id=\"lp_row1\" class=\"wp-block-group\"><div class=\"wp-block-group__inner-container is-layout-constrained wp-block-group-is-layout-constrained\">\n<div class=\"wp-block-columns lp_intro_cols is-layout-flex wp-container-core-columns-is-layout-9d6595d7 wp-block-columns-is-layout-flex\">\n<div class=\"wp-block-column lp_txt_col is-layout-flow wp-block-column-is-layout-flow\" style=\"flex-basis:50%\">\n<h3 class=\"wp-block-heading lp_titel_gross\">Herzlich willkommen <br>bei Rahn+Bodmer Co.<\/h3>\n\n\n\n<div style=\"height:0.5em\" aria-hidden=\"true\" class=\"wp-block-spacer\"><\/div>\n\n\n\n<p>Sch\u00f6n, dass Sie sich f\u00fcr unsere Dienstleistungen interessieren. Als \u00e4lteste Privatbank der Schweiz begleiten wir unsere Kundinnen und Kunden seit Generationen \u2013 pers\u00f6nlich, unabh\u00e4ngig und mit Weitblick. Sehr gerne w\u00fcrden wir auch Sie bei Ihren finanziellen Themen unterst\u00fctzen. <\/p>\n\n\n\n<p>Wir freuen uns darauf, Sie kennenzulernen und gemeinsam mit Ihnen herauszufinden, wie wir Sie optimal beraten k\u00f6nnten. Sei es f\u00fcr einen unverbindlichen Anlagevorschlag, f\u00fcr eine unabh\u00e4ngige Zweitmeinung zu Ihrem Portfolio, f\u00fcr eine Pr\u00e4sentation unseres Wealth-Planning-Angebots oder einfach f\u00fcr ein Kennenlernen unserer Bank.<\/p>\n<\/div>\n\n\n\n<div class=\"wp-block-column lp_img_col is-layout-flow wp-block-column-is-layout-flow\" style=\"flex-basis:50%\">\n<figure class=\"wp-block-image size-full\"><img decoding=\"async\" src=\"https:\/\/www.rahnbodmer-events.ch\/wp-content\/uploads\/2026\/01\/img_oh1.jpg\" alt=\"\" class=\"wp-image-127\" style=\"aspect-ratio:4\/3;object-fit:cover\"\/><\/figure>\n<\/div>\n<\/div>\n<\/div><\/div>\n\n\n\n<div id=\"lp_row2\" class=\"wp-block-group\"><div class=\"wp-block-group__inner-container is-layout-constrained wp-block-group-is-layout-constrained\">\n<div class=\"wp-block-columns is-layout-flex wp-container-core-columns-is-layout-9d6595d7 wp-block-columns-is-layout-flex\">\n<div class=\"wp-block-column lp_txt_col is-layout-flow wp-block-column-is-layout-flow\" style=\"flex-basis:50%\">\n<h3 class=\"wp-block-heading\">Wir freuen uns auf einen unverbindlichen Gedankenaustausch.<\/h3>\n\n\n\n<p>Teilen Sie uns bitte kurz mit, welche Themen Sie besonders interessieren, dann k\u00f6nnen wir uns auf das Gespr\u00e4ch vorbereiten. Wir werden uns pers\u00f6nlich bei Ihnen melden, um den passenden Termin zu vereinbaren. Vielen Dank und bis bald an der M\u00fcnstergasse 2 in Z\u00fcrich.<\/p>\n<\/div>\n\n\n\n<div class=\"wp-block-column lp_form_col is-layout-flow wp-block-column-is-layout-flow\" style=\"flex-basis:50%\">\n<div class=\"wp-block-contact-form-7-contact-form-selector\">\n<div class=\"wpcf7 no-js\" id=\"wpcf7-f5036-o1\" lang=\"de-DE\" dir=\"ltr\" data-wpcf7-id=\"5036\">\n<div class=\"screen-reader-response\"><p role=\"status\" aria-live=\"polite\" aria-atomic=\"true\"><\/p> <ul><\/ul><\/div>\n<form action=\"\/en\/wp-json\/wp\/v2\/pages\/5033#wpcf7-f5036-o1\" method=\"post\" class=\"wpcf7-form init wpcf7-acceptance-as-validation\" aria-label=\"Kontaktformular\" novalidate=\"novalidate\" data-status=\"init\">\n<fieldset class=\"hidden-fields-container\"><input type=\"hidden\" name=\"_wpcf7\" value=\"5036\" \/><input type=\"hidden\" name=\"_wpcf7_version\" value=\"6.1.5\" \/><input type=\"hidden\" name=\"_wpcf7_locale\" value=\"de_DE\" \/><input type=\"hidden\" name=\"_wpcf7_unit_tag\" value=\"wpcf7-f5036-o1\" \/><input type=\"hidden\" name=\"_wpcf7_container_post\" value=\"0\" \/><input type=\"hidden\" name=\"_wpcf7_posted_data_hash\" value=\"\" \/>\n<\/fieldset>\n<div class=\"form_wrapper\">\n<strong class=\"lp_form_titel\">Meine Daten<\/strong>\n<span class=\"kontakt_feld feld_voll\"><span class=\"wpcf7-form-control-wrap\" data-name=\"Anrede\"><span class=\"wpcf7-form-control wpcf7-checkbox wpcf7-validates-as-required wpcf7-exclusive-checkbox\"><span class=\"wpcf7-list-item first\"><label><input type=\"checkbox\" name=\"Anrede\" value=\"Frau\" \/><span class=\"wpcf7-list-item-label\">Frau<\/span><\/label><\/span><span class=\"wpcf7-list-item last\"><label><input type=\"checkbox\" name=\"Anrede\" value=\"Herr\" \/><span class=\"wpcf7-list-item-label\">Herr<\/span><\/label><\/span><\/span><\/span><\/span>\n<label class=\"kontakt_feld feld_halb\"><span class=\"inl_label\">Vorname*<\/span> <span class=\"wpcf7-form-control-wrap\" data-name=\"Vorname\"><input size=\"40\" maxlength=\"400\" class=\"wpcf7-form-control wpcf7-text wpcf7-validates-as-required\" aria-required=\"true\" aria-invalid=\"false\" value=\"\" type=\"text\" name=\"Vorname\" \/><\/span><\/label>\n<label class=\"kontakt_feld feld_halb\"><span class=\"inl_label\">Name*<\/span> <span class=\"wpcf7-form-control-wrap\" data-name=\"Name\"><input size=\"40\" maxlength=\"400\" class=\"wpcf7-form-control wpcf7-text wpcf7-validates-as-required\" aria-required=\"true\" aria-invalid=\"false\" value=\"\" type=\"text\" name=\"Name\" \/><\/span><\/label>\n<label class=\"kontakt_feld feld_halb\"><span class=\"inl_label\">Alter (optional)<\/span> <span class=\"wpcf7-form-control-wrap\" data-name=\"Alter\"><span class=\"wpcf7-form-control wpcf7-checkbox wpcf7-exclusive-checkbox\"><span class=\"wpcf7-list-item first\"><label><input type=\"checkbox\" name=\"Alter\" value=\"20 - 40\" \/><span class=\"wpcf7-list-item-label\">20 - 40<\/span><\/label><\/span><span class=\"wpcf7-list-item\"><label><input type=\"checkbox\" name=\"Alter\" value=\"40 - 60\" \/><span class=\"wpcf7-list-item-label\">40 - 60<\/span><\/label><\/span><span class=\"wpcf7-list-item last\"><label><input type=\"checkbox\" name=\"Alter\" value=\"&gt;60\" \/><span class=\"wpcf7-list-item-label\">&gt;60<\/span><\/label><\/span><\/span><\/span><\/label>\n<label class=\"kontakt_feld feld_halb\"><span class=\"inl_label\">Telefon*<\/span> <span class=\"wpcf7-form-control-wrap\" data-name=\"Telefon\"><input size=\"40\" maxlength=\"400\" class=\"wpcf7-form-control wpcf7-text wpcf7-validates-as-required\" aria-required=\"true\" aria-invalid=\"false\" value=\"\" type=\"text\" name=\"Telefon\" \/><\/span><\/label>\n<label class=\"kontakt_feld feld_halb\"><span class=\"inl_label\">Email*<\/span> <span class=\"wpcf7-form-control-wrap\" data-name=\"Email\"><input size=\"40\" maxlength=\"400\" class=\"wpcf7-form-control wpcf7-text wpcf7-validates-as-required\" aria-required=\"true\" aria-invalid=\"false\" value=\"\" type=\"text\" name=\"Email\" \/><\/span><\/label>\n<div class=\"lp_form_break\"><\/div>\n<strong class=\"lp_form_titel\">Meine Themen (optional)<\/strong>\n<span class=\"kontakt_feld feld_voll lp_checkbox_liste\"><span class=\"wpcf7-form-control-wrap\" data-name=\"Themen\"><span class=\"wpcf7-form-control wpcf7-checkbox\"><span class=\"wpcf7-list-item first\"><label><input type=\"checkbox\" name=\"Themen[]\" value=\"Verm\u00f6gensverwaltung\" \/><span class=\"wpcf7-list-item-label\">Verm\u00f6gensverwaltung<\/span><\/label><\/span><span class=\"wpcf7-list-item\"><label><input type=\"checkbox\" name=\"Themen[]\" value=\"Anlageberatung\" \/><span class=\"wpcf7-list-item-label\">Anlageberatung<\/span><\/label><\/span><span class=\"wpcf7-list-item\"><label><input type=\"checkbox\" name=\"Themen[]\" value=\"Steuern &amp; Vorsorge\" \/><span class=\"wpcf7-list-item-label\">Steuern &amp; Vorsorge<\/span><\/label><\/span><span class=\"wpcf7-list-item\"><label><input type=\"checkbox\" name=\"Themen[]\" value=\"Nachlassplanung &amp; Philanthropie\" \/><span class=\"wpcf7-list-item-label\">Nachlassplanung &amp; Philanthropie<\/span><\/label><\/span><span class=\"wpcf7-list-item last\"><label><input type=\"checkbox\" name=\"Themen[]\" value=\"weitere Dienstleistungen\" \/><span class=\"wpcf7-list-item-label\">weitere Dienstleistungen<\/span><\/label><\/span><\/span><\/span><\/span>\n<div class=\"lp_form_break\"><\/div>\n<strong class=\"lp_form_titel\">Bemerkungen<\/strong>\n<span class=\"wpcf7-form-control-wrap\" data-name=\"Bemerkungen\"><textarea cols=\"40\" rows=\"10\" maxlength=\"2000\" class=\"wpcf7-form-control wpcf7-textarea\" aria-invalid=\"false\" name=\"Bemerkungen\"><\/textarea><\/span>\n<div class=\"lp_form_break\"><\/div>\n<div class=\"submit_wrapper\"><div class=\"wpcf7-turnstile cf-turnstile\" data-sitekey=\"0x4AAAAAABtqvRuvfi42jmE8\" data-response-field-name=\"_wpcf7_turnstile_response\" data-appearance=\"interaction-only\"><\/div> <input class=\"wpcf7-form-control wpcf7-submit has-spinner\" type=\"submit\" value=\"SENDEN\" \/><\/div>\n<\/div><div class=\"wpcf7-response-output\" aria-hidden=\"true\"><\/div>\n<\/form>\n<\/div>\n<\/div>\n<\/div>\n<\/div>\n<\/div><\/div>\n\n\n\n<div id=\"lp_row3\" class=\"wp-block-group\"><div class=\"wp-block-group__inner-container is-layout-constrained wp-block-group-is-layout-constrained\">\n<div class=\"wp-block-columns is-layout-flex wp-container-core-columns-is-layout-9d6595d7 wp-block-columns-is-layout-flex\">\n<div class=\"wp-block-column lp_txt_col is-layout-flow wp-block-column-is-layout-flow\" style=\"flex-basis:50%\">\n<h3 class=\"wp-block-heading lp_titel_gross\">Herzlichen Dank <br>f\u00fcr Ihre Anfrage.<\/h3>\n\n\n\n<div style=\"height:0.5em\" aria-hidden=\"true\" class=\"wp-block-spacer\"><\/div>\n\n\n\n<p>Wir werden uns demn\u00e4chst bei Ihnen melden. <\/p>\n\n\n\n<p>Wir freuen uns schon jetzt auf Ihren Besuch bei uns. Unser Domizil befindet sich an der M\u00fcnstergasse 2 mitten in der Z\u00fcrcher Altstadt \u2013 nur wenige Schritte vom bekannten Z\u00fcrcher Wahrzeichen, dem Grossm\u00fcnster, entfernt.<\/p>\n<\/div>\n\n\n\n<div class=\"wp-block-column lp_img_col is-layout-flow wp-block-column-is-layout-flow\" style=\"flex-basis:50%\">\n<figure class=\"wp-block-image size-full\"><img decoding=\"async\" src=\"https:\/\/www.rahnbodmer-events.ch\/wp-content\/uploads\/2026\/01\/img_oh2.jpg\" alt=\"\" class=\"wp-image-131\" style=\"aspect-ratio:4\/3;object-fit:cover\"\/><\/figure>\n<\/div>\n<\/div>\n<\/div><\/div>\n","protected":false},"excerpt":{"rendered":"Herzlich willkommen bei Rahn+Bodmer Co. Sch\u00f6n, dass Sie sich f\u00fcr unsere Dienstleistungen interessieren. Als \u00e4lteste Privatbank der Schweiz begleiten wir unsere Kundinnen und Kunden seit Generationen \u2013 pers\u00f6nlich, unabh\u00e4ngig und mit Weitblick. Sehr gerne w\u00fcrden wir auch Sie bei Ihren finanziellen Themen unterst\u00fctzen. Wir freuen uns darauf, Sie kennenzulernen und gemeinsam mit Ihnen herauszufinden, wie&#8230; <a class=\"view-article\" href=\"https:\/\/wetest.rahnbodmer.ch\/en\/willkommen\">View Article<\/a>","protected":false},"author":1,"featured_media":0,"parent":0,"menu_order":0,"comment_status":"closed","ping_status":"closed","template":"template-noheader.php","meta":{"_acf_changed":false,"inline_featured_image":false,"footnotes":""},"class_list":["post-5033","page","type-page","status-publish","hentry"],"acf":[],"_links":{"self":[{"href":"https:\/\/wetest.rahnbodmer.ch\/en\/wp-json\/wp\/v2\/pages\/5033","targetHints":{"allow":["GET"]}}],"collection":[{"href":"https:\/\/wetest.rahnbodmer.ch\/en\/wp-json\/wp\/v2\/pages"}],"about":[{"href":"https:\/\/wetest.rahnbodmer.ch\/en\/wp-json\/wp\/v2\/types\/page"}],"author":[{"embeddable":true,"href":"https:\/\/wetest.rahnbodmer.ch\/en\/wp-json\/wp\/v2\/users\/1"}],"replies":[{"embeddable":true,"href":"https:\/\/wetest.rahnbodmer.ch\/en\/wp-json\/wp\/v2\/comments?post=5033"}],"version-history":[{"count":3,"href":"https:\/\/wetest.rahnbodmer.ch\/en\/wp-json\/wp\/v2\/pages\/5033\/revisions"}],"predecessor-version":[{"id":5038,"href":"https:\/\/wetest.rahnbodmer.ch\/en\/wp-json\/wp\/v2\/pages\/5033\/revisions\/5038"}],"wp:attachment":[{"href":"https:\/\/wetest.rahnbodmer.ch\/en\/wp-json\/wp\/v2\/media?parent=5033"}],"curies":[{"name":"wp","href":"https:\/\/api.w.org\/{rel}","templated":true}]}}