{"id":67,"date":"2021-08-17T12:22:16","date_gmt":"2021-08-17T12:22:16","guid":{"rendered":"https:\/\/wetest.rahnbodmer.ch\/?page_id=67"},"modified":"2025-12-31T11:27:14","modified_gmt":"2025-12-31T09:27:14","slug":"startseite","status":"publish","type":"page","link":"https:\/\/wetest.rahnbodmer.ch\/de","title":{"rendered":"Startseite"},"content":{"rendered":"\n\n<div id=\"teaserblock-block_c6ddc77c27d2e30d18c5efb2787c1540\" class=\"teaserblock bild_rechts bereich_allgemein farben_normal ab now1778383458\">\n\t\t <div class=\"teaserblock_box box1\">\n\t\t <div class=\"teaserblock_content_wrapper\">\n\t\t <div class=\"teaserblock_text_wrapper\">\n\t\t\t  <h2>Neuer Partner<\/h2>\n\t\t\t  <h3>Bereit f\u00fcr die Zukunft.<\/div><span class=\"teaserblock_text\">Mit Simon Rahn tritt ab 1. Januar 2026 erstmals ein Vertreter der f\u00fcnften <br class=\"desktop_only\" \/>Generation der Familie Rahn dem Partnergremium bei. Er wird die Zukunft <br class=\"desktop_only\" \/>der Bank mitgestalten und zugleich ihre Tradition weiterf\u00fchren \u2013 als Garant <br class=\"desktop_only\" \/>von Kontinuit\u00e4t und Best\u00e4ndigkeit.<\/span><div><\/h3>\n\t\t <\/div>\n\t\t <div class=\"teaserblock_link_wrapper\">\n\t\t\t\t <span class=\"teaserblock_link\"><strong><a href=\"\/de\/partner\/#simon-rahn\">Mehr \u00fcber Simon Rahn<\/a><\/strong><\/span>\n\t\t\t \t\t\t \n\t\t <\/div>\n\t\t <\/div>\n\t<\/div>\n\t\t<div class=\"teaserblock_box box2\" style=\"background-image: url(https:\/\/wetest.rahnbodmer.ch\/wp-content\/uploads\/2025\/12\/RB_Neuer_Partner_2512.jpg);\"><\/div>\t\n\t\t<\/div>\n\n\n\n\n\n\n<div id=\"teaserblock-block_c904d07eb7a177dbfb756876c9ae57eb\" class=\"teaserblock bild_links bereich_allgemein farben_normal ab now1778383458\">\n\t\t <div class=\"teaserblock_box box1\">\n\t\t <div class=\"teaserblock_content_wrapper\">\n\t\t <div class=\"teaserblock_text_wrapper\">\n\t\t\t  <h2>Presseartikel<\/h2>\n\t\t\t  <h3>Tradition trifft Moderne.<\/div><span class=\"teaserblock_text\">Der j\u00fcngste Partner der \u00e4ltesten Privatbank der Schweiz im Gespr\u00e4ch mit einem Finfluencer: \u00dcber gemeinsame Werte, unterschiedliche Perspektiven und die Begeisterung f\u00fcr Finanzthemen.<\/span><div><\/h3>\n\t\t <\/div>\n\t\t <div class=\"teaserblock_link_wrapper\">\n\t\t\t\t <span class=\"teaserblock_link\"><strong><a href=\"https:\/\/wetest.rahnbodmer.ch\/wp-content\/uploads\/2025\/06\/2025-06-Handelszeitung-Finfluencer-trifft-Bankier-Jay-Bidermann.pdf\" target=\"_blank\">Zum Interview in der Handelszeitung<\/a><\/strong><\/span>\n\t\t\t \t\t\t \n\t\t <\/div>\n\t\t <\/div>\n\t<\/div>\n\t\t<div class=\"teaserblock_box box2\" style=\"background-image: url(https:\/\/wetest.rahnbodmer.ch\/wp-content\/uploads\/2023\/02\/RB_Next_Generation_2302.jpg);\"><\/div>\t\n\t\t<\/div>\n\n\n\n\n\n\n<div id=\"teaserblock-block_cbc88824bd28bcc1a68c60ee678acca7\" class=\"teaserblock bild_rechts bereich_allgemein farben_normal ab now1778383458\">\n\t\t <div class=\"teaserblock_box box1\">\n\t\t <div class=\"teaserblock_content_wrapper\">\n\t\t <div class=\"teaserblock_text_wrapper\">\n\t\t\t  <h2>Auszeichnung<\/h2>\n\t\t\t  <h3>Christian Rahn erh\u00e4lt den Ehrendoktor der Medizinischen Fakult\u00e4t der Universit\u00e4t Z\u00fcrich.<\/h3>\n\t\t <\/div>\n\t\t <div class=\"teaserblock_link_wrapper\">\n\t\t \n\t\t\t <span class=\"teaserblock_text\">Christian Rahn setzt sich seit vielen Jahren gezielt f\u00fcr die Unterst\u00fctzung wissenschaftlicher Projekte ein. Mit der Auszeichnung ehrt die Universit\u00e4t nicht nur sein pers\u00f6nliches Engagement, sondern auch die F\u00f6rderung der Wissenschaft durch die Privatbank Rahn+Bodmer Co. Mehr dazu im Video.<\/span>\n\t\t\t \t\t\t \n\t\t <\/div>\n\t\t <\/div>\n\t<\/div>\n\t\t<div class=\"teaserblock_box box2 teaserblock_vid\" style=\"background-image: url(https:\/\/wetest.rahnbodmer.ch\/wp-content\/uploads\/2025\/05\/videoyoutube_0F2mba3YQFE.jpg);\">\n\t\t<div class=\"tb_play_ct\"><\/div>\n\t\t<div class=\"tb_vid_wrapper\" data-vid=\"0F2mba3YQFE\">\n\t\t\t<div class=\"tb_vid_inner\">\n\t\t\t\t<div class=\"tb_vid\">\n\t\t\t\t<img decoding=\"async\" class=\"tb_vid_ratio\" src=\"\/wp-content\/uploads\/2021\/10\/rb_vid_ratio.png\" \/>\t\t\t\t\n\t\t\t<iframe src=\"\" title=\"YouTube video player\" frameborder=\"0\" allow=\"accelerometer; autoplay; clipboard-write; encrypted-media; gyroscope; picture-in-picture\" allowtransparency=\"true\" allowfullscreen><\/iframe>\n\t\t\t\t<\/div>\n\t\t\t<\/div>\n\t\t\t<\/div>\n\t<\/div>\n\t\t<\/div>\n\n\n\n\n\n\n<div id=\"teaserblock-block_89896d3620fc6cf29930b7cf238e3c99\" class=\"teaserblock newsbox_jub275 bild_links bereich_allgemein farben_normal ab now1778383458\">\n\t\t <div class=\"teaserblock_box box1\">\n\t\t <div class=\"teaserblock_content_wrapper\">\n\t\t <div class=\"teaserblock_text_wrapper\">\n\t\t\t  <h2>275 Jahre Verantwortung<\/h2>\n\t\t\t  <h3>Werte, die bleiben.<\/div><span class=\"teaserblock_text\">In der Rubrik \u00abWirtschaft und Erfolg\u00bb der Weltwoche spricht Simon Rahn \u00fcber 275 Jahre Bankgeschichte, Stabilit\u00e4t in bewegten Zeiten und die Zukunft des Schweizer Bankenplatzes.<\/span><div><\/h3>\n\t\t <\/div>\n\t\t <div class=\"teaserblock_link_wrapper\">\n\t\t\t\t <span class=\"teaserblock_link\"><strong><a href=\"https:\/\/wetest.rahnbodmer.ch\/wp-content\/uploads\/2025\/05\/Weltwoche-Simon-Rahn.pdf\" target=\"_blank\">Interview lesen<\/a><\/strong><\/span>\n\t\t\t \t\t\t \n\t\t <\/div>\n\t\t <\/div>\n\t<\/div>\n\t\t<div class=\"teaserblock_box box2\" style=\"background-image: url(https:\/\/wetest.rahnbodmer.ch\/wp-content\/uploads\/2025\/05\/Newsbox-Grossmuenster.jpg);\"><\/div>\t\n\t\t<\/div>\n\n\n\n\n\n\n<div id=\"teaserblock-block_437d93b1834fa31d64d2621ac0cc7c55\" class=\"teaserblock newsbox_jub275 bild_rechts bereich_allgemein farben_normal ab now1778383458\">\n\t\t <div class=\"teaserblock_box box1\">\n\t\t <div class=\"teaserblock_content_wrapper\">\n\t\t <div class=\"teaserblock_text_wrapper\">\n\t\t\t  <h2>Zukunft im Blick<\/h2>\n\t\t\t  <h3>Private Banking \u2013 Quo vadis?<\/div><span class=\"teaserblock_text\">In der Sonderausgabe der Finanz und Wirtschaft sprechen Martin Bidermann und Simon Rahn \u00fcber die Chancen und Herausforderungen im Private Banking. Zudem gibt Jay Bidermann im Artikel \u00abNextGen Private Banking\u00bb Einblicke in die Zukunft der Bank.<\/span><div><\/h3>\n\t\t <\/div>\n\t\t <div class=\"teaserblock_link_wrapper\">\n\t\t\t\t <span class=\"teaserblock_link\"><strong><a href=\"https:\/\/wetest.rahnbodmer.ch\/de\/medien\/#presseartikel\" target=\"_blank\">Artikel lesen<\/a><\/strong><\/span>\n\t\t\t \t\t\t \n\t\t <\/div>\n\t\t <\/div>\n\t<\/div>\n\t\t<div class=\"teaserblock_box box2\" style=\"background-image: url(https:\/\/wetest.rahnbodmer.ch\/wp-content\/uploads\/2025\/04\/Newsbox_Sonderausgabe_FuW.jpg);\"><\/div>\t\n\t\t<\/div>\n\n\n\n\n\n\n<div id=\"teaserblock-block_8952e331aabcc0ea19e45b917fe464b9\" class=\"teaserblock newsbox_jub275 bild_links bereich_allgemein farben_normal ab1738216800 now1778383458\">\n\t\t <div class=\"teaserblock_box box1\">\n\t\t <div class=\"teaserblock_content_wrapper\">\n\t\t <div class=\"teaserblock_text_wrapper\">\n\t\t\t  <h2>Jubil\u00e4umspartnerschaft<\/h2>\n\t\t\t  <h3>Rahn+Bodmer Co. f\u00f6rdert wegweisende medizinische Innovation.<\/div><span class=\"teaserblock_text\">Anl\u00e4sslich ihres Jubil\u00e4ums unterst\u00fctzt Rahn+Bodmer Co. die USZ Foundation mit insgesamt CHF 1.375 Millionen und unterstreicht damit ihr Engagement f\u00fcr gesellschaftliche und wissenschaftliche Anliegen.<\/span><div><\/h3>\n\t\t <\/div>\n\t\t <div class=\"teaserblock_link_wrapper\">\n\t\t\t\t <span class=\"teaserblock_link\"><strong><a href=\"https:\/\/wetest.rahnbodmer.ch\/wp-content\/uploads\/2025\/01\/Medienmitteilung-USZ-Foundation-RahnBodmer-Co.pdf\" target=\"_blank\">Medienmitteilung lesen<\/a><\/strong><\/span>\n\t\t\t \t\t\t \n\t\t <\/div>\n\t\t <\/div>\n\t<\/div>\n\t\t<div class=\"teaserblock_box box2\" style=\"background-image: url(https:\/\/wetest.rahnbodmer.ch\/wp-content\/uploads\/2025\/01\/Bild-Newsbox-USZ-Foundation.jpg);\"><\/div>\t\n\t\t<\/div>\n\n\n\n\n\n\n<div id=\"teaserblock-block_abc3f7728895daddf1732837badbd877\" class=\"teaserblock newsbox_jub275 bild_rechts bereich_allgemein farben_normal ab1737352800 now1778383458\">\n\t\t <div class=\"teaserblock_box box1\">\n\t\t <div class=\"teaserblock_content_wrapper\">\n\t\t <div class=\"teaserblock_text_wrapper\">\n\t\t\t  <h2>Medienmitteilung<\/h2>\n\t\t\t  <h3>Jubil\u00e4um Rahn+Bodmer Co. \u2013  <br>Eine Z\u00fcrcher Erfolgsgeschichte von Tradition und Innovation.<\/div><span class=\"teaserblock_text\">Seit der Gr\u00fcndung 1750 hat sich die Bank kontinuierlich weiterentwickelt.<\/span><div><\/h3>\n\t\t <\/div>\n\t\t <div class=\"teaserblock_link_wrapper\">\n\t\t\t\t <span class=\"teaserblock_link\"><strong><a href=\"https:\/\/wetest.rahnbodmer.ch\/wp-content\/uploads\/2025\/01\/Medienmitteilung-Jubilaeum-RahnBodmer-Co.pdf\" target=\"_blank\">Medienmitteilung lesen<\/a><\/strong><\/span>\n\t\t\t \t\t\t \n\t\t <\/div>\n\t\t <\/div>\n\t<\/div>\n\t\t<div class=\"teaserblock_box box2\" style=\"background-image: url(https:\/\/wetest.rahnbodmer.ch\/wp-content\/uploads\/2025\/01\/Bild-Newsbox-Jubilaeum_edit.jpg);\"><\/div>\t\n\t\t<\/div>\n\n\n\n\n\n\n<div id=\"teaserblock-block_40eb5a4d7193f53225a705f5af3f7f30\" class=\"teaserblock newsbox_jub275 bild_links bereich_allgemein farben_normal ab1734520975 now1778383458\">\n\t\t <div class=\"teaserblock_box box1\">\n\t\t <div class=\"teaserblock_content_wrapper\">\n\t\t <div class=\"teaserblock_text_wrapper\">\n\t\t\t  <h2>275 Jahre Rahn+Bodmer Co.<\/h2>\n\t\t\t  <h3>Rahn+Bodmer Co. feiert Jubil\u00e4um.<\/div><span class=\"teaserblock_text\">Im Jahr 2025 feiern wir unser 275-j\u00e4hriges Bestehen. Tauchen Sie ein in die Geschichte der \u00e4ltesten Privatbank der Schweiz und begleiten Sie uns auf einer Reise durch fast drei Jahrhunderte voller Erfahrung, Tradition und Meilensteine.<\/span><div><\/h3>\n\t\t <\/div>\n\t\t <div class=\"teaserblock_link_wrapper\">\n\t\t\t\t <span class=\"teaserblock_link\"><strong><a href=\"https:\/\/wetest.rahnbodmer.ch\/de\/geschichte\/zeitstrahl\">Entdecken Sie unsere Geschichte<\/a><\/strong><\/span>\n\t\t\t \t\t\t \n\t\t <\/div>\n\t\t <\/div>\n\t<\/div>\n\t\t<div class=\"teaserblock_box box2\" style=\"background-image: url(https:\/\/wetest.rahnbodmer.ch\/wp-content\/uploads\/2025\/01\/rb_nb_jub275.jpg);\"><\/div>\t\n\t\t<\/div>\n\n\n\n\n\n\n<div id=\"teaserblock-block_0f89406b832a41727a46607b4e9255fe\" class=\"teaserblock bild_rechts bereich_allgemein farben_normal ab1734675000 now1778383458\">\n\t\t <div class=\"teaserblock_box box1\">\n\t\t <div class=\"teaserblock_content_wrapper\">\n\t\t <div class=\"teaserblock_text_wrapper\">\n\t\t\t  <h2>Medienmitteilung<\/h2>\n\t\t\t  <h3>Rahn+Bodmer Co. erg\u00e4nzt Gesch\u00e4ftsleitung.<\/div><span class=\"teaserblock_text\">Personelle und organisatorische Ver\u00e4nderungen stellen sicher, dass die Privatbank bestens f\u00fcr die Zukunft positioniert ist.<\/span><div><\/h3>\n\t\t <\/div>\n\t\t <div class=\"teaserblock_link_wrapper\">\n\t\t\t\t <span class=\"teaserblock_link\"><strong><a href=\"https:\/\/wetest.rahnbodmer.ch\/wp-content\/uploads\/2024\/12\/Medienmitteilung-RahnBodmer-Co.-Ergaenzung-der-Geschaeftsleitung.pdf\" target=\"_blank\">Medienmitteilung lesen<\/a><\/strong><\/span>\n\t\t\t \t\t\t \n\t\t <\/div>\n\t\t <\/div>\n\t<\/div>\n\t\t<div class=\"teaserblock_box box2\" style=\"background-image: url(https:\/\/wetest.rahnbodmer.ch\/wp-content\/uploads\/2024\/12\/Bild-Newsbox-Medienmitteilung.jpg);\"><\/div>\t\n\t\t<\/div>\n\n\n\n\n\n\n<div id=\"teaserblock-block_ff677cf83b91b879c3ed72e7a157590a\" class=\"teaserblock bild_links bereich_allgemein farben_normal ab now1778383458\">\n\t\t <div class=\"teaserblock_box box1\">\n\t\t <div class=\"teaserblock_content_wrapper\">\n\t\t <div class=\"teaserblock_text_wrapper\">\n\t\t\t  <h2>Neuer Firmensitz<\/h2>\n\t\t\t  <h3>Nach 88 Jahren ziehen wir um an die <span>M\u00fcnstergasse 2. <\/span><br class='desktop_only' \/> Hier der Kurzfilm dazu.<\/h3>\n\t\t <\/div>\n\t\t <div class=\"teaserblock_link_wrapper\">\n\t\t \n\t\t\t <span class=\"teaserblock_text\">Wir haben unseren Umzug filmisch in Szene gesetzt. <br class=\"desktop_only\" \/> Viel Spass beim Ansehen und Teilen.<\/span>\n\t\t\t \t\t\t \n\t\t <\/div>\n\t\t <\/div>\n\t<\/div>\n\t\t<div class=\"teaserblock_box box2 teaserblock_vid\" style=\"background-image: url(https:\/\/wetest.rahnbodmer.ch\/wp-content\/uploads\/2021\/10\/videoyoutube_QVT3LOdo38o.jpg);\">\n\t\t<div class=\"tb_play_ct\"><\/div>\n\t\t<div class=\"tb_vid_wrapper\" data-vid=\"QVT3LOdo38o\">\n\t\t\t<div class=\"tb_vid_inner\">\n\t\t\t\t<div class=\"tb_vid\">\n\t\t\t\t<img decoding=\"async\" class=\"tb_vid_ratio\" src=\"\/wp-content\/uploads\/2021\/10\/rb_vid_ratio.png\" \/>\t\t\t\t\n\t\t\t<iframe src=\"\" title=\"YouTube video player\" frameborder=\"0\" allow=\"accelerometer; autoplay; clipboard-write; encrypted-media; gyroscope; picture-in-picture\" allowtransparency=\"true\" allowfullscreen><\/iframe>\n\t\t\t\t<\/div>\n\t\t\t<\/div>\n\t\t\t<\/div>\n\t<\/div>\n\t\t<\/div>\n\n\n\n\n\n\n<div id=\"teaserblock-block_6dff05252c6724260e5bc8f098660a54\" class=\"teaserblock bild_ohne bereich_privatkunden farben_normal ab now1778383458\">\n\t  <div class=\"teaserblock_box box1\">\n\t  <h2>Verm\u00f6gensverwaltung<\/h2>\n\t  <h3>W\u00fcnschen Sie eine ganzheitliche, individuelle Beratung mit langfristiger Perspektive?<\/h3>\n\t<\/div>\n\t<div class=\"teaserblock_box box2\">\n\t\t<div class=\"teaserblock_content_wrapper\">\n\t\t<div class=\"teaserblock_text_wrapper\">\n\t\t\t<span class=\"teaserblock_text\">Haben Sie wenig Zeit, die Entwicklung an den Finanzm\u00e4rkten permanent zu verfolgen? Dann delegieren Sie die Verwaltung Ihres Verm\u00f6gens ganz einfach an die Expertinnen und Experten unserer Privatbank. Wir bieten Ihnen eine umfassende, professionelle und pers\u00f6nliche Betreuung. Wir verwalten Ihr Portfolio selbstst\u00e4ndig und effizient. Ihre Kundenberaterin oder Ihr Kundenberater h\u00e4lt Sie transparent \u00fcber die Entwicklung Ihres Verm\u00f6gens auf dem Laufenden \u2026<\/span>\n\t\t<\/div>\n\t\t<div class=\"teaserblock_link_wrapper\">\n\t\t<span class=\"teaserblock_link\"><strong><a href=\"https:\/\/wetest.rahnbodmer.ch\/de\/privatkunden\/vermoegensverwaltung\">Weiterlesen<\/a><\/strong><\/span>\n\t\t<\/div>\n\t\t<\/div>\n\t<\/div>\n\t<\/div>\n\n\n\n\n\n\n<div id=\"teaserblock-block_7d766addf61d4e659d8954b216265251\" class=\"teaserblock bild_links bereich_privatkunden farben_invers ab now1778383458\">\n\t\t <div class=\"teaserblock_box box1\">\n\t\t <div class=\"teaserblock_content_wrapper\">\n\t\t <div class=\"teaserblock_text_wrapper\">\n\t\t\t  <h2>Anlageberatung<\/h2>\n\t\t\t  <h3>Wollen Sie auf eine kompetente und sachliche Beratung vertrauen k\u00f6nnen?<\/h3>\n\t\t <\/div>\n\t\t <div class=\"teaserblock_link_wrapper\">\n\t\t\t\t <span class=\"teaserblock_link\"><strong><a href=\"https:\/\/wetest.rahnbodmer.ch\/de\/privatkunden\/anlageberatung\">Mehr erfahren<\/a><\/strong><\/span>\n\t\t\t \t\t\t \n\t\t <\/div>\n\t\t <\/div>\n\t<\/div>\n\t\t<div class=\"teaserblock_box box2\" style=\"background-image: url(https:\/\/wetest.rahnbodmer.ch\/wp-content\/uploads\/2021\/08\/rb_home_anlageberatung.jpg);\"><\/div>\t\n\t\t<\/div>\n\n\n\n\n\n\n<div id=\"teaserblock-block_af6d3c3a02973667e7efed0f9d4279bd\" class=\"teaserblock bild_ohne bereich_privatkunden farben_normal ab now1778383458\">\n\t  <div class=\"teaserblock_box box1\">\n\t  <h2>Steuern &#038; Vorsorge<\/h2>\n\t  <h3>M\u00f6chten Sie Ihrer Zukunft entspannt entgegensehen?<\/h3>\n\t<\/div>\n\t<div class=\"teaserblock_box box2\">\n\t\t<div class=\"teaserblock_content_wrapper\">\n\t\t<div class=\"teaserblock_text_wrapper\">\n\t\t\t<span class=\"teaserblock_text\">Ganz gleich, in welcher Lebensphase Sie sich befinden: Ihre Zukunft beginnt heute. Es lohnt sich deshalb, nicht nur die Verwaltung Ihres Verm\u00f6gens in vertrauensvolle H\u00e4nde zu geben, sondern auch die Vorsorgeplanung zu optimieren und steuerliche Opportunit\u00e4ten zu realisieren. Wir \u00fcberpr\u00fcfen Ihre aktuelle finanzielle Situation und deren  Auswirkungen auf die Pensionierung oder Steuern \u2026<\/span>\n\t\t<\/div>\n\t\t<div class=\"teaserblock_link_wrapper\">\n\t\t<span class=\"teaserblock_link\"><strong><a href=\"https:\/\/wetest.rahnbodmer.ch\/de\/privatkunden\/steuern-vorsorge\">Weiterlesen<\/a><\/strong><\/span>\n\t\t<\/div>\n\t\t<\/div>\n\t<\/div>\n\t<\/div>\n\n\n\n\n\n\n<div id=\"teaserblock-block_4b6e53b7109488b258e4ff7286551853\" class=\"teaserblock bild_links bereich_stiftungen farben_invers ab now1778383458\">\n\t\t <div class=\"teaserblock_box box1\">\n\t\t <div class=\"teaserblock_content_wrapper\">\n\t\t <div class=\"teaserblock_text_wrapper\">\n\t\t\t  <h2>Stiftungen<\/h2>\n\t\t\t  <h3>W\u00fcnschen Sie eine umfassende Betreuung?<\/h3>\n\t\t <\/div>\n\t\t <div class=\"teaserblock_link_wrapper\">\n\t\t\t\t <span class=\"teaserblock_link\"><strong><a href=\"https:\/\/wetest.rahnbodmer.ch\/de\/stiftungen\/stiftungsberatung\">Mehr erfahren<\/a><\/strong><\/span>\n\t\t\t \t\t\t \n\t\t <\/div>\n\t\t <\/div>\n\t<\/div>\n\t\t<div class=\"teaserblock_box box2\" style=\"background-image: url(https:\/\/wetest.rahnbodmer.ch\/wp-content\/uploads\/2021\/08\/rb_home_stiftungen.jpg);\"><\/div>\t\n\t\t<\/div>\n\n\n\n\n\n\n<div id=\"teaserblock-block_b77d1c307a1fa3f05b33a6b447bc3b8a\" class=\"teaserblock bild_ohne bereich_externe farben_normal ab now1778383458\">\n\t  <div class=\"teaserblock_box box1\">\n\t  <h2>Externe Verm\u00f6gensverwalter<\/h2>\n\t  <h3>Streben Sie langfristigen Erfolg an?<\/h3>\n\t<\/div>\n\t<div class=\"teaserblock_box box2\">\n\t\t<div class=\"teaserblock_content_wrapper\">\n\t\t<div class=\"teaserblock_text_wrapper\">\n\t\t\t<span class=\"teaserblock_text\">Sowohl angehende als auch etablierte Verm\u00f6gensverwalter d\u00fcrfen mit der Privatbank Rahn+Bodmer Co. auf eine nachhaltige Partnerschaft z\u00e4hlen. Damit Sie sich dort engagieren k\u00f6nnen, wo Sie am meisten bewirken: in der Beziehung zu Ihren Kundinnen und Kunden. Dank unserer langfristig ausgerichteten, unabh\u00e4ngigen Gesch\u00e4ftst\u00e4tigkeit als Privatbankiers garantieren wir Ihnen hohe Sicherheit \u2026<\/span>\n\t\t<\/div>\n\t\t<div class=\"teaserblock_link_wrapper\">\n\t\t<span class=\"teaserblock_link\"><strong><a href=\"https:\/\/wetest.rahnbodmer.ch\/de\/externe-vermoegensverwalter\/ueberblick\">Weiterlesen<\/a><\/strong><\/span>\n\t\t<\/div>\n\t\t<\/div>\n\t<\/div>\n\t<\/div>\n\n\n","protected":false},"excerpt":{"rendered":"","protected":false},"author":1,"featured_media":0,"parent":0,"menu_order":10,"comment_status":"closed","ping_status":"closed","template":"","meta":{"_acf_changed":false,"inline_featured_image":false,"footnotes":""},"class_list":["post-67","page","type-page","status-publish","hentry"],"acf":[],"_links":{"self":[{"href":"https:\/\/wetest.rahnbodmer.ch\/de\/wp-json\/wp\/v2\/pages\/67","targetHints":{"allow":["GET"]}}],"collection":[{"href":"https:\/\/wetest.rahnbodmer.ch\/de\/wp-json\/wp\/v2\/pages"}],"about":[{"href":"https:\/\/wetest.rahnbodmer.ch\/de\/wp-json\/wp\/v2\/types\/page"}],"author":[{"embeddable":true,"href":"https:\/\/wetest.rahnbodmer.ch\/de\/wp-json\/wp\/v2\/users\/1"}],"replies":[{"embeddable":true,"href":"https:\/\/wetest.rahnbodmer.ch\/de\/wp-json\/wp\/v2\/comments?post=67"}],"version-history":[{"count":235,"href":"https:\/\/wetest.rahnbodmer.ch\/de\/wp-json\/wp\/v2\/pages\/67\/revisions"}],"predecessor-version":[{"id":4933,"href":"https:\/\/wetest.rahnbodmer.ch\/de\/wp-json\/wp\/v2\/pages\/67\/revisions\/4933"}],"wp:attachment":[{"href":"https:\/\/wetest.rahnbodmer.ch\/de\/wp-json\/wp\/v2\/media?parent=67"}],"curies":[{"name":"wp","href":"https:\/\/api.w.org\/{rel}","templated":true}]}}