{"id":610,"date":"2021-09-01T12:29:13","date_gmt":"2021-09-01T10:29:13","guid":{"rendered":"https:\/\/wetest.rahnbodmer.ch\/?page_id=610"},"modified":"2025-12-30T11:47:21","modified_gmt":"2025-12-30T09:47:21","slug":"geschichte","status":"publish","type":"page","link":"https:\/\/wetest.rahnbodmer.ch\/de\/geschichte","title":{"rendered":"Geschichte"},"content":{"rendered":"\n<div id=\"teasertext-block_ba71660dfbd5bfb0e01b535dfb6d9758\" class=\"teasertext\">\n<p>Als \u00e4lteste Z\u00fcrcher Privatbank k\u00f6nnen wir auf eine lebendige Geschichte zur\u00fcckblicken. Der Siebenj\u00e4hrige Krieg, die Franz\u00f6sische Revolution, die Weltwirtschaftskrise, die beiden Weltkriege, die \u00d6lkrise und j\u00fcngere Verwerfungen an den Finanzm\u00e4rkten haben uns gelehrt, in gr\u00f6sseren Zeitr\u00e4umen zu denken. Im Umgang mit Geld achten wir in erster Linie auf Stabilit\u00e4t und Sicherheit.<\/p>\n<\/div>\n\n\n<p>Im Jahr 1750 gr\u00fcndeten die Z\u00fcrcher Kaufleute Caspar und Hans Conrad Schulthess im Haus zum gewundenen Schwert am Limmatquai ihr Seidenhandelshaus. Auf langen Auslandaufenthalten und bei regelm\u00e4ssigen Gesch\u00e4ftsreisen erwarb sich Hans Conrad Schulthess nicht nur grosse Erfahrung im Ankauf und Vertrieb von Seide, sondern auch in seinem Nebengesch\u00e4ft, dem Handel mit Effekten und Wechseln. Der feinsinnige und erfolgreiche Gesch\u00e4ftsmann galt als st\u00e4dtische Autorit\u00e4t, und sein Haus war in der zweiten H\u00e4lfte des 18. Jahrhunderts ein Treffpunkt des gelehrten und literarischen Z\u00fcrich.<br><br><\/p>\n\n\n\n<figure class=\"wp-block-image size-large\"><img loading=\"lazy\" decoding=\"async\" width=\"1500\" height=\"270\" src=\"https:\/\/wetest.rahnbodmer.ch\/wp-content\/uploads\/2021\/09\/Limmatquai-1750-1500x270.jpg\" alt=\"\" class=\"wp-image-611\" srcset=\"https:\/\/wetest.rahnbodmer.ch\/wp-content\/uploads\/2021\/09\/Limmatquai-1750-1500x270.jpg 1500w, https:\/\/wetest.rahnbodmer.ch\/wp-content\/uploads\/2021\/09\/Limmatquai-1750-800x144.jpg 800w, https:\/\/wetest.rahnbodmer.ch\/wp-content\/uploads\/2021\/09\/Limmatquai-1750-768x138.jpg 768w, https:\/\/wetest.rahnbodmer.ch\/wp-content\/uploads\/2021\/09\/Limmatquai-1750-1536x276.jpg 1536w, https:\/\/wetest.rahnbodmer.ch\/wp-content\/uploads\/2021\/09\/Limmatquai-1750-2048x369.jpg 2048w, https:\/\/wetest.rahnbodmer.ch\/wp-content\/uploads\/2021\/09\/Limmatquai-1750-400x72.jpg 400w\" sizes=\"auto, (max-width: 1500px) 100vw, 1500px\" \/><figcaption class=\"wp-element-caption\">Das Z\u00fcrcher Limmatquai um 1750, in der Mitte das Haus zum gewundenen Schwert.<\/figcaption><\/figure>\n\n\n\n<p><br>Im 19. Jahrhundert wandelte sich das Haus allm\u00e4hlich vom Seidenhandelsbetrieb zum reinen Bankinstitut. Im Regierungskalender von 1805 erscheint es erstmals unter dem Namen Caspar Schulthess sel. Erben &amp; Schinz als Bankiers. Die Enkel und Urenkel des Gr\u00fcnders Hans Conrad Schulthess verstanden es im 19. Jahrhundert, die angesehene Stellung des Bank- und Handelshauses zu behaupten. Die Verbreitung des Telegrafen und moderne Transportmittel sorgten daf\u00fcr, dass die Einnahmen aus dem Seidenhandel wegfielen und sich 1855 Caspar Schulthess Erben nun ganz auf ihre Bankgesch\u00e4fte konzentrierten. 1882 trat mit Louis Rahn-B\u00e4rlocher der erste Vertreter der heutigen gesch\u00e4ftsf\u00fchrenden Familien in die Bank ein. Aufgrund des neuen Schweizerischen Obligationenrechts und eines Partnerwechsels erfolgte 1893 eine Namens\u00e4nderung zu Escher &amp; Rahn.<\/p>\n\n\n\n<p id=\"zitat-block_2ba531852b68b5d9687450ccc6bf8266\" class=\"zitat\">\nVertrauen ist f\u00fcr uns <br \/>\r\ndie wichtigste W\u00e4hrung.<br \/>\r\nSeit 1750.<\/p>\n\n\n<p>Im 20. Jahrhundert trat Dr. Max Bodmer-Schindler den gesch\u00e4ftsf\u00fchrenden Familien der Firma bei, weshalb 1917 die Namens\u00e4nderung in Rahn &amp; Bodmer erfolgte. Neben der 1923 erhaltenen B\u00f6rsenzulassung war die Gr\u00fcndung der Vereinigung Schweizerischer Privatbankiers 1934 ein wichtiges Ereignis. Max Bodmer-Schindler war Mitverfasser der Statuten und erster Pr\u00e4sident. Zu den beiden Familien Rahn und Bodmer wurde 1951 mit Richard M. Bidermann erstmals ein Mitglied dieser Familie in den Kreis der Partner aufgenommen. Die Familie Bodmer war bis 2024 aktiv in der Gesch\u00e4ftsf\u00fchrung vertreten und ist noch immer finanziell an der Bank beteiligt.<\/p>\n\n\n\n<p>Heute steht Rahn+Bodmer Co. unter der Leitung von Martin H. Bidermann, Christian R. Bidermann , Jay Bidermann und Simon Rahn. Rahn+Bodmer Co. geh\u00f6rt zu einem exklusiven Kreis nicht b\u00f6rsenkotierter, inhabergef\u00fchrter Schweizer Privatbanken mit unbeschr\u00e4nkt haftenden Teilhabern. Das starke Wachstum in den letzten Jahrzehnten beweist, dass auch das Vertrauen der Kundinnen und Kunden in eine unabh\u00e4ngige, risikobewusste und individuelle Verm\u00f6gensverwaltung stark zugenommen hat.<\/p>\n\n\n\n<p><br><\/p>\n\n\n\n\n<div id=\"page_link-block_d9db8ae8a85b0387db9d0b8f19e2cb58\" class=\"page_link_ct mob_zentriert\">\n\t<div class=\"page_link\"><strong><a href=\"https:\/\/wetest.rahnbodmer.ch\/de\/geschichte\/zeitstrahl\">Zeitstrahl<\/a><\/strong><\/div>\n<\/div>\n\n\n","protected":false},"excerpt":{"rendered":"Im Jahr 1750 gr\u00fcndeten die Z\u00fcrcher Kaufleute Caspar und Hans Conrad Schulthess im Haus zum gewundenen Schwert am Limmatquai ihr Seidenhandelshaus. Auf langen Auslandaufenthalten und bei regelm\u00e4ssigen Gesch\u00e4ftsreisen erwarb sich Hans Conrad Schulthess nicht nur grosse Erfahrung im Ankauf und Vertrieb von Seide, sondern auch in seinem Nebengesch\u00e4ft, dem Handel mit Effekten und Wechseln. Der&#8230; <a class=\"view-article\" href=\"https:\/\/wetest.rahnbodmer.ch\/de\/geschichte\">Artikel ansehen<\/a>","protected":false},"author":1,"featured_media":917,"parent":0,"menu_order":0,"comment_status":"closed","ping_status":"closed","template":"","meta":{"_acf_changed":false,"inline_featured_image":false,"footnotes":""},"class_list":["post-610","page","type-page","status-publish","has-post-thumbnail","hentry"],"acf":[],"_links":{"self":[{"href":"https:\/\/wetest.rahnbodmer.ch\/de\/wp-json\/wp\/v2\/pages\/610","targetHints":{"allow":["GET"]}}],"collection":[{"href":"https:\/\/wetest.rahnbodmer.ch\/de\/wp-json\/wp\/v2\/pages"}],"about":[{"href":"https:\/\/wetest.rahnbodmer.ch\/de\/wp-json\/wp\/v2\/types\/page"}],"author":[{"embeddable":true,"href":"https:\/\/wetest.rahnbodmer.ch\/de\/wp-json\/wp\/v2\/users\/1"}],"replies":[{"embeddable":true,"href":"https:\/\/wetest.rahnbodmer.ch\/de\/wp-json\/wp\/v2\/comments?post=610"}],"version-history":[{"count":18,"href":"https:\/\/wetest.rahnbodmer.ch\/de\/wp-json\/wp\/v2\/pages\/610\/revisions"}],"predecessor-version":[{"id":4920,"href":"https:\/\/wetest.rahnbodmer.ch\/de\/wp-json\/wp\/v2\/pages\/610\/revisions\/4920"}],"wp:featuredmedia":[{"embeddable":true,"href":"https:\/\/wetest.rahnbodmer.ch\/de\/wp-json\/wp\/v2\/media\/917"}],"wp:attachment":[{"href":"https:\/\/wetest.rahnbodmer.ch\/de\/wp-json\/wp\/v2\/media?parent=610"}],"curies":[{"name":"wp","href":"https:\/\/api.w.org\/{rel}","templated":true}]}}