{"id":1020,"date":"2021-09-17T16:59:51","date_gmt":"2021-09-17T14:59:51","guid":{"rendered":"https:\/\/wetest.rahnbodmer.ch\/?page_id=1020"},"modified":"2026-02-19T14:52:54","modified_gmt":"2026-02-19T12:52:54","slug":"medien","status":"publish","type":"page","link":"https:\/\/wetest.rahnbodmer.ch\/de\/medien","title":{"rendered":"Medien"},"content":{"rendered":"\n<h3 class=\"wp-block-heading\">Wir nehmen uns gerne Zeit f\u00fcr Ihre Fragen<\/h3>\n\n\n\n<div id=\"teasertext-block_963b06385634e75f32e8504b72961ec3\" class=\"teasertext\">\n<p>Danke f\u00fcr Ihr Interesse an unserer Privatbank. Gerne beantworten wir Ihre Fragen und stellen Ihnen auf Wunsch Bildmaterial zur Verf\u00fcgung. Wir freuen uns auf Ihre Kontakaufnahme.<\/p>\n<\/div>\n\n\n<p><br><\/p>\n\n\n\n<p><strong>Medienkontakt <\/strong><br>Simon Rahn <br>Rahn+Bodmer Co. <br>Telefon +41 44 639 11 11 <br><a href=\"mailto:info@rahnbodmer.ch\">info@rahnbodmer.ch<\/a><\/p>\n\n\n\n<p><br><\/p>\n\n\n\n<p><strong>Public Relations <\/strong><br>Jacqueline Jost <br>Rahn+Bodmer Co. <br>Telefon +41 44 639 12 92 <br><a href=\"mailto:jacqueline.jost@rahnbodmer.ch\">jacqueline.jost@rahnbodmer.ch<\/a><\/p>\n\n\n\n<p><br><br><\/p>\n\n\n\n<h3 class=\"wp-block-heading has-text-align-left article_item\">Downloads<\/h3>\n\n\n\n<p><br><strong>Logo<\/strong><br><\/p>\n\n\n\n<p class=\"forced_downloads\"><a href=\"\/wp-content\/uploads\/2021\/09\/R+B-Logo_RGB_1600px.jpg\" target=\"_blank\" rel=\"noreferrer noopener\">&gt; Logo JPG<\/a><br><a href=\"\/wp-content\/uploads\/2021\/09\/R+B-Logo_CMYK_pos.eps\" target=\"_blank\" rel=\"noreferrer noopener\">&gt; Logo EPS<\/a><\/p>\n\n\n\n<p><br><br><\/p>\n\n\n\n<h3 class=\"wp-block-heading has-text-align-left article_item\" id=\"medienmitteilungen\">Medienmitteilungen<\/h3>\n\n\n\n\n<div id=\"presseartikel-block_b0c921e69f045956c26f6e2b2f4b4c93\" class=\"presseartikel_ct article_item\">\n\t<div class=\"presseartikel\">\n\t\t<a target=\"_blank\" href=\"https:\/\/wetest.rahnbodmer.ch\/wp-content\/uploads\/2025\/12\/2025-12-16-Medienmitteilung-Generationenwechsel-RahnBodmer-Co.pdf\"><strong>16. Dezember 2025<\/strong><\/a>\n\t\t<br><span>Gegen jede Statistik: F\u00fcnfte Generation der Familie Rahn \u00fcbernimmt Verantwortung bei Rahn+Bodmer Co. \u2013<br \/>\r\nSimon Rahn wird Partner<\/span>\t\t<br><a target=\"_blank\" href=\"https:\/\/wetest.rahnbodmer.ch\/wp-content\/uploads\/2025\/12\/2025-12-16-Medienmitteilung-Generationenwechsel-RahnBodmer-Co.pdf\">&ndash;> Mitteilung lesen<\/a>\n\t<\/div>\n<\/div>\n\n\n\n\n<div id=\"presseartikel-block_be7f1568b6cda3f9108b00fe430cd071\" class=\"presseartikel_ct article_item\">\n\t<div class=\"presseartikel\">\n\t\t<a target=\"_blank\" href=\"https:\/\/wetest.rahnbodmer.ch\/wp-content\/uploads\/2025\/08\/Medienmitteilung_RahnBodmer-Co.-GL-Financial-Services_DE.pdf\"><strong>5. August 2025<\/strong><\/a>\n\t\t<br><span>Fabienne Hockenjos komplettiert die Gesch\u00e4ftsleitung von Rahn+Bodmer Co.<\/span>\t\t<br><a target=\"_blank\" href=\"https:\/\/wetest.rahnbodmer.ch\/wp-content\/uploads\/2025\/08\/Medienmitteilung_RahnBodmer-Co.-GL-Financial-Services_DE.pdf\">&ndash;> Mitteilung lesen<\/a>\n\t<\/div>\n<\/div>\n\n\n\n\n<div id=\"presseartikel-block_ec527eadaedc512abd43e35dd1ae0ec0\" class=\"presseartikel_ct article_item\">\n\t<div class=\"presseartikel\">\n\t\t<a target=\"_blank\" href=\"https:\/\/wetest.rahnbodmer.ch\/wp-content\/uploads\/2025\/01\/Medienmitteilung-USZ-Foundation-RahnBodmer-Co.pdf\"><strong>30. Januar 2025<\/strong><\/a>\n\t\t<br><span>Rahn+Bodmer Co. unterst\u00fctzt die USZ Foundation bei der F\u00f6rderung zukunftsweisender medizinischer Forschung am Universit\u00e4tsspital Z\u00fcrich<\/span>\t\t<br><a target=\"_blank\" href=\"https:\/\/wetest.rahnbodmer.ch\/wp-content\/uploads\/2025\/01\/Medienmitteilung-USZ-Foundation-RahnBodmer-Co.pdf\">&ndash;> Mitteilung lesen<\/a>\n\t<\/div>\n<\/div>\n\n\n\n\n<div id=\"presseartikel-block_e5b575cbaf37ce1d4d1ddd58debde840\" class=\"presseartikel_ct article_item\">\n\t<div class=\"presseartikel\">\n\t\t<a target=\"_blank\" href=\"https:\/\/wetest.rahnbodmer.ch\/wp-content\/uploads\/2025\/01\/Medienmitteilung-Jubilaeum-RahnBodmer-Co.pdf\"><strong>20. Januar 2025<\/strong><\/a>\n\t\t<br><span>275 Jahre Rahn+Bodmer Co. \u2013 Eine Z\u00fcrcher Erfolgsgeschichte von Tradition und Innovation<\/span>\t\t<br><a target=\"_blank\" href=\"https:\/\/wetest.rahnbodmer.ch\/wp-content\/uploads\/2025\/01\/Medienmitteilung-Jubilaeum-RahnBodmer-Co.pdf\">&ndash;> Mitteilung lesen<\/a>\n\t<\/div>\n<\/div>\n\n\n\n\n<div id=\"presseartikel-block_605415d45aca2859c573434e183dc259\" class=\"presseartikel_ct article_item\">\n\t<div class=\"presseartikel\">\n\t\t<a target=\"_blank\" href=\"https:\/\/wetest.rahnbodmer.ch\/wp-content\/uploads\/2024\/12\/Medienmitteilung-RahnBodmer-Co.-Ergaenzung-der-Geschaeftsleitung.pdf\"><strong>20. Dezember 2024<\/strong><\/a>\n\t\t<br><span>Rahn+Bodmer Co. plant f\u00fcr die Zukunft und erg\u00e4nzt die Gesch\u00e4ftsleitung<\/span>\t\t<br><a target=\"_blank\" href=\"https:\/\/wetest.rahnbodmer.ch\/wp-content\/uploads\/2024\/12\/Medienmitteilung-RahnBodmer-Co.-Ergaenzung-der-Geschaeftsleitung.pdf\">&ndash;> Mitteilung lesen<\/a>\n\t<\/div>\n<\/div>\n\n\n\n\n<div id=\"presseartikel-block_9395b84cee957ff65cfa77d9a42ef155\" class=\"presseartikel_ct article_item\">\n\t<div class=\"presseartikel\">\n\t\t<a target=\"_blank\" href=\"https:\/\/wetest.rahnbodmer.ch\/wp-content\/uploads\/2024\/02\/Medienmitteilung_9.-Februar-2024.pdf\"><strong>9. Februar 2024<\/strong><\/a>\n\t\t<br><span>Ver\u00e4nderung in der Partnerzusammensetzung von Rahn+Bodmer Co.<\/span>\t\t<br><a target=\"_blank\" href=\"https:\/\/wetest.rahnbodmer.ch\/wp-content\/uploads\/2024\/02\/Medienmitteilung_9.-Februar-2024.pdf\">&ndash;> Mitteilung lesen<\/a>\n\t<\/div>\n<\/div>\n\n\n\n<p><br><\/p>\n\n\n\n<h3 class=\"wp-block-heading has-text-align-left article_item\" id=\"presseartikel\">Presseartikel<\/h3>\n\n\n\n\n<div id=\"presseartikel-block_44c9cef2b143ca2d675943b96d600d54\" class=\"presseartikel_ct article_item\">\n\t<div class=\"presseartikel\">\n\t\t<a target=\"_blank\" href=\"https:\/\/www.fuw.ch\/was-die-aktienmaerkte-jetzt-antreibt-759393173998\" rel=\"nofollow noopener\"><strong>Februar 2026 \/ Finanz und Wirtschaft<\/strong><\/a>\n\t\t<br><span>B\u00f6rsencocktail: Heinz R\u00fcttimann, Leiter Investment Office, im Gespr\u00e4ch mit Finanz und Wirtschaft.<\/span>\t\t<br><a target=\"_blank\" href=\"https:\/\/www.fuw.ch\/was-die-aktienmaerkte-jetzt-antreibt-759393173998\" rel=\"nofollow noopener\">&ndash;> Video sehen<\/a>\n\t<\/div>\n<\/div>\n\n\n\n\n<div id=\"presseartikel-block_6b4ada72591e96d9303909abf89e9ef7\" class=\"presseartikel_ct article_item\">\n\t<div class=\"presseartikel\">\n\t\t<a target=\"_blank\" href=\"https:\/\/www.srf.ch\/play\/tv\/boerse\/video\/srf-boerse-vom-15-01-2026?urn=urn:srf:video:d5259f31-29b8-4dc6-88f9-9f6770eb3f75\" rel=\"nofollow noopener\"><strong>Januar 2026 \/ SRF<\/strong><\/a>\n\t\t<br><span>SRF B\u00f6rse: Fabienne Hockenjos, Anlagechefin Rahn+Bodmer Co. kommentiert die Aktien von Geberit und Richemont<\/span>\t\t<br><a target=\"_blank\" href=\"https:\/\/www.srf.ch\/play\/tv\/boerse\/video\/srf-boerse-vom-15-01-2026?urn=urn:srf:video:d5259f31-29b8-4dc6-88f9-9f6770eb3f75\" rel=\"nofollow noopener\">&ndash;> Video sehen<\/a>\n\t<\/div>\n<\/div>\n\n\n\n\n<div id=\"presseartikel-block_d0c0c9d2dba9aa6c5699c743eb807b2b\" class=\"presseartikel_ct article_item\">\n\t<div class=\"presseartikel\">\n\t\t<a target=\"_blank\" href=\"https:\/\/www.srf.ch\/play\/tv\/boerse\/video\/srf-boerse-vom-23-12-2025?urn=urn:srf:video:d041160c-2202-4984-87db-c10f15f33f7d\" rel=\"nofollow noopener\"><strong>Dezember 2025 \/ SRF<\/strong><\/a>\n\t\t<br><span>SRF B\u00f6rse: Fabienne Hockenjos, Anlagechefin Rahn+Bodmer Co. kommentiert die Aktie von Nestl\u00e9.<\/span>\t\t<br><a target=\"_blank\" href=\"https:\/\/www.srf.ch\/play\/tv\/boerse\/video\/srf-boerse-vom-23-12-2025?urn=urn:srf:video:d041160c-2202-4984-87db-c10f15f33f7d\" rel=\"nofollow noopener\">&ndash;> Video sehen<\/a>\n\t<\/div>\n<\/div>\n\n\n\n\n<div id=\"presseartikel-block_ad6b6b00b74c16db34d7c10048635824\" class=\"presseartikel_ct article_item\">\n\t<div class=\"presseartikel\">\n\t\t<a target=\"_blank\" href=\"https:\/\/wetest.rahnbodmer.ch\/wp-content\/uploads\/2025\/12\/Altstadtkurier-Simon-Rahn-1.pdf\"><strong>Dezember 2025 \/ Altstadtkurier<\/strong><\/a>\n\t\t<br><span>\u00abSimon Rahn steht f\u00fcr einen Generationenwechsel\u00bb, Beitrag \u00fcber Rahn+Bodmer Co. mit Simon Rahn.<\/span>\t\t<br><a target=\"_blank\" href=\"https:\/\/wetest.rahnbodmer.ch\/wp-content\/uploads\/2025\/12\/Altstadtkurier-Simon-Rahn-1.pdf\">&ndash;> Artikel lesen<\/a>\n\t<\/div>\n<\/div>\n\n\n\n\n<div id=\"presseartikel-block_fe26cd8d6fab5749b23398a36e2cd3a3\" class=\"presseartikel_ct article_item\">\n\t<div class=\"presseartikel\">\n\t\t<a target=\"_blank\" href=\"https:\/\/www.bilanz.ch\/unternehmen\/rahnbodmer-co-steht-eine-verjungung-bevor-875435\" rel=\"nofollow noopener\"><strong>Oktober 2025 \/ Bilanz<\/strong><\/a>\n\t\t<br><span>\u00abRahn+Bodmer Co. steht eine Verj\u00fcngung bevor\u00bb, Beitrag \u00fcber den bevorstehenden Generationswechsel mit Simon Rahn.<\/span>\t\t<br><a target=\"_blank\" href=\"https:\/\/www.bilanz.ch\/unternehmen\/rahnbodmer-co-steht-eine-verjungung-bevor-875435\" rel=\"nofollow noopener\">&ndash;> Artikel lesen<\/a>\n\t<\/div>\n<\/div>\n\n\n\n\n<div id=\"presseartikel-block_1b1bfca453bd4d2f7849763ad9177f0d\" class=\"presseartikel_ct article_item\">\n\t<div class=\"presseartikel\">\n\t\t<a target=\"_blank\" href=\"https:\/\/wetest.rahnbodmer.ch\/wp-content\/uploads\/2025\/10\/Mehr-als-Alphorn-und-Kaese_Weltwoche-30.10.2025.pdf\"><strong>Oktober 2025 \/ Weltwoche<\/strong><\/a>\n\t\t<br><span>\u00abMehr als Alphorn und K\u00e4se\u00bb, Beitrag von Simon Rahn in der Beilage \u00abDie Magie des Geldes\u00bb.<\/span>\t\t<br><a target=\"_blank\" href=\"https:\/\/wetest.rahnbodmer.ch\/wp-content\/uploads\/2025\/10\/Mehr-als-Alphorn-und-Kaese_Weltwoche-30.10.2025.pdf\">&ndash;> Artikel lesen<\/a>\n\t<\/div>\n<\/div>\n\n\n\n\n<div id=\"presseartikel-block_9ea4a65d9ede1a3001204f03713f4632\" class=\"presseartikel_ct article_item\">\n\t<div class=\"presseartikel\">\n\t\t<a target=\"_blank\" href=\"\"><strong>September 2025 \/ Finanz und Wirtschaft<\/strong><\/a>\n\t\t<br><span>\u00abDie Schicksalsfrage\u00bb, Beitrag in der Sonderbeilage \u00abVorsorgen\u00bb von Markus H\u00fcrzeler, Leiter Steuern &#038; Vorsorge.<\/span>\t\t<br><a target=\"_blank\" href=\"\">&ndash;> Artikel lesen<\/a>\n\t<\/div>\n<\/div>\n\n\n\n\n<div id=\"presseartikel-block_f4d9f590fd569c632f64bcf6b25a0055\" class=\"presseartikel_ct article_item\">\n\t<div class=\"presseartikel\">\n\t\t<a target=\"_blank\" href=\"https:\/\/wetest.rahnbodmer.ch\/wp-content\/uploads\/2025\/09\/Seite_18_Neue_Zuercher_Zeitung_2025-09-01.pdf\"><strong>September 2025 \/ NZZ<\/strong><\/a>\n\t\t<br><span>\u00abBankensektor &#8211; haften statt retten\u00bb, Gastkommentar von Christian Bidermann, Partner Rahn+Bodmer Co.<\/span>\t\t<br><a target=\"_blank\" href=\"https:\/\/wetest.rahnbodmer.ch\/wp-content\/uploads\/2025\/09\/Seite_18_Neue_Zuercher_Zeitung_2025-09-01.pdf\">&ndash;> Artikel lesen<\/a>\n\t<\/div>\n<\/div>\n\n\n\n\n<div id=\"presseartikel-block_c3c8756e9ac493e985fd491702cd145d\" class=\"presseartikel_ct article_item\">\n\t<div class=\"presseartikel\">\n\t\t<a target=\"_blank\" href=\"https:\/\/wetest.rahnbodmer.ch\/wp-content\/uploads\/2025\/08\/Studie-Wer-uebernimmt-Verantwortung-von-Dr.-Adriel-Jost.pdf\"><strong>September 2025 \/ Vereinigung Schweizer Privatbanken<\/strong><\/a>\n\t\t<br><span>\u00abWer \u00fcbernimmt Verantwortung\u00bb, Studie von Dr. Adriel Jost.<\/span>\t\t<br><a target=\"_blank\" href=\"https:\/\/wetest.rahnbodmer.ch\/wp-content\/uploads\/2025\/08\/Studie-Wer-uebernimmt-Verantwortung-von-Dr.-Adriel-Jost.pdf\">&ndash;> Studie lesen<\/a>\n\t<\/div>\n<\/div>\n\n\n\n\n<div id=\"presseartikel-block_6c76a83b5827b42ec273cf9f49b20ad5\" class=\"presseartikel_ct article_item\">\n\t<div class=\"presseartikel\">\n\t\t<a target=\"_blank\" href=\"https:\/\/www.finews.ch\/news\/banken\/68914-interview-christian-bidermann-rahn-bodmer-privatbank-jubilaeum-275-jahre-finanzplatz-zuerich-credit-suisse-finanzplatz-schweiz\" rel=\"nofollow noopener\"><strong>August 2025 \/ Finews<\/strong><\/a>\n\t\t<br><span>275 Jahre Rahn+Bodmer Co.: \u00abViele Besucher sind von uns \u00fcberrascht\u00bb, Portr\u00e4t mit Christian Bidermann, Partner Rahn+Bodmer Co.<\/span>\t\t<br><a target=\"_blank\" href=\"https:\/\/www.finews.ch\/news\/banken\/68914-interview-christian-bidermann-rahn-bodmer-privatbank-jubilaeum-275-jahre-finanzplatz-zuerich-credit-suisse-finanzplatz-schweiz\" rel=\"nofollow noopener\">&ndash;> Artikel lesen<\/a>\n\t<\/div>\n<\/div>\n\n\n\n\n<div id=\"presseartikel-block_3d3c021a468b8874d3147b82d6293ade\" class=\"presseartikel_ct article_item\">\n\t<div class=\"presseartikel\">\n\t\t<a target=\"_blank\" href=\"https:\/\/wetest.rahnbodmer.ch\/wp-content\/uploads\/2025\/08\/2025-08-FuW-Marktmonitor-Heinz-Ruettimann.pdf\"><strong>August 2025 \/ Finanz und Wirtschaft<\/strong><\/a>\n\t\t<br><span> \u00abWarten auf den Gipfel\u00bb, Marktmonitor von Heinz R\u00fcttimann, Investment Office Rahn+Bodmer Co.<\/span>\t\t<br><a target=\"_blank\" href=\"https:\/\/wetest.rahnbodmer.ch\/wp-content\/uploads\/2025\/08\/2025-08-FuW-Marktmonitor-Heinz-Ruettimann.pdf\">&ndash;> Artikel lesen<\/a>\n\t<\/div>\n<\/div>\n\n\n\n\n<div id=\"presseartikel-block_bc6068c905176255624afc0cdab58c3a\" class=\"presseartikel_ct article_item\">\n\t<div class=\"presseartikel\">\n\t\t<a target=\"_blank\" href=\"https:\/\/www.bilanz.ch\/invest\/die-erfolgsgeheimnisse-von-schweizer-privatbanken-848025\" rel=\"nofollow noopener\"><strong>Juli 2025 \/ Bilanz<\/strong><\/a>\n\t\t<br><span>\u00abDie Erfolgsgeheimnisse von Schweizer Privatbanken\u00bb, Portr\u00e4t mit Jay Bidermann, Partner Rahn+Bodmer Co.<\/span>\t\t<br><a target=\"_blank\" href=\"https:\/\/www.bilanz.ch\/invest\/die-erfolgsgeheimnisse-von-schweizer-privatbanken-848025\" rel=\"nofollow noopener\">&ndash;> Artikel lesen<\/a>\n\t<\/div>\n<\/div>\n\n\n\n\n<div id=\"presseartikel-block_b73165c7289653ef89e50b115f7bfb48\" class=\"presseartikel_ct article_item\">\n\t<div class=\"presseartikel\">\n\t\t<a target=\"_blank\" href=\"https:\/\/wetest.rahnbodmer.ch\/wp-content\/uploads\/2025\/06\/2025-06-Handelszeitung-Finfluencer-trifft-Bankier-Jay-Bidermann.pdf\"><strong>Juni 2025 \/ Handelszeitung<\/strong><\/a>\n\t\t<br><span> \u00abFinfluencer trifft Bankier\u00bb, Interview mit Jay Bidermann, Partner Rahn+Bodmer Co.<\/span>\t\t<br><a target=\"_blank\" href=\"https:\/\/wetest.rahnbodmer.ch\/wp-content\/uploads\/2025\/06\/2025-06-Handelszeitung-Finfluencer-trifft-Bankier-Jay-Bidermann.pdf\">&ndash;> Interview lesen<\/a>\n\t<\/div>\n<\/div>\n\n\n\n\n<div id=\"presseartikel-block_e87fceab0442d457d05db0a31a1782f3\" class=\"presseartikel_ct article_item\">\n\t<div class=\"presseartikel\">\n\t\t<a target=\"_blank\" href=\"https:\/\/wetest.rahnbodmer.ch\/wp-content\/uploads\/2025\/05\/Bilanz-Marktausblick-Mai-2025.pdf\"><strong>Mai 2025 \/ Bilanz<\/strong><\/a>\n\t\t<br><span> \u00abDie neuen Rodeostars\u00bb, Marktausblick mit Zitaten von Heinz R\u00fcttimann, Markt- und Anlagestratege bei Rahn+Bodmer Co.<\/span>\t\t<br><a target=\"_blank\" href=\"https:\/\/wetest.rahnbodmer.ch\/wp-content\/uploads\/2025\/05\/Bilanz-Marktausblick-Mai-2025.pdf\">&ndash;> Artikel lesen<\/a>\n\t<\/div>\n<\/div>\n\n\n\n\n<div id=\"presseartikel-block_bac73b06d8410abdb061a01f7a921ff2\" class=\"presseartikel_ct article_item\">\n\t<div class=\"presseartikel\">\n\t\t<a target=\"_blank\" href=\"https:\/\/wetest.rahnbodmer.ch\/wp-content\/uploads\/2025\/05\/Weltwoche-Simon-Rahn.pdf\"><strong>Mai 2025 \/ Weltwoche<\/strong><\/a>\n\t\t<br><span> \u00abUnsere Partner erhalten keine Boni\u00bb, Interview mit Simon Rahn, angehender Partner von Rahn+Bodmer Co.<\/span>\t\t<br><a target=\"_blank\" href=\"https:\/\/wetest.rahnbodmer.ch\/wp-content\/uploads\/2025\/05\/Weltwoche-Simon-Rahn.pdf\">&ndash;> Interview lesen<\/a>\n\t<\/div>\n<\/div>\n\n\n\n\n<div id=\"presseartikel-block_d8abe9cf2339fd0f9e838f9512683942\" class=\"presseartikel_ct article_item\">\n\t<div class=\"presseartikel\">\n\t\t<a target=\"_blank\" href=\"https:\/\/wetest.rahnbodmer.ch\/wp-content\/uploads\/2025\/04\/2025-04-FuW-Marktmonitor-Heinz-Ruettimann.pdf\"><strong>April 2025 \/ Finanz und Wirtschaft<\/strong><\/a>\n\t\t<br><span> \u00abM\u00e4rkte beruhigen sich\u00bb, Marktmonitor von Heinz R\u00fcttimann, Investment Office Rahn+Bodmer Co.<\/span>\t\t<br><a target=\"_blank\" href=\"https:\/\/wetest.rahnbodmer.ch\/wp-content\/uploads\/2025\/04\/2025-04-FuW-Marktmonitor-Heinz-Ruettimann.pdf\">&ndash;> Artikel lesen<\/a>\n\t<\/div>\n<\/div>\n\n\n\n\n<div id=\"presseartikel-block_de7bdbbf6482412db152147b5694dd28\" class=\"presseartikel_ct article_item\">\n\t<div class=\"presseartikel\">\n\t\t<a target=\"_blank\" href=\"https:\/\/wetest.rahnbodmer.ch\/wp-content\/uploads\/2025\/04\/2025-04-Finanz-und-Wirtschaft-Private-Banking-der-Zukunft-Jay-Bidermann.pdf\"><strong>April 2025 \/ Finanz und Wirtschaft<\/strong><\/a>\n\t\t<br><span>\u00abPrivate Banking der Zukunft\u00bb, Artikel von Jay Bidermann, Partner Rahn+Bodmer Co., in der Sonderbeilage \u00abPrivate Banking\u00bb.<\/span>\t\t<br><a target=\"_blank\" href=\"https:\/\/wetest.rahnbodmer.ch\/wp-content\/uploads\/2025\/04\/2025-04-Finanz-und-Wirtschaft-Private-Banking-der-Zukunft-Jay-Bidermann.pdf\">&ndash;> Artikel lesen<\/a>\n\t<\/div>\n<\/div>\n\n\n\n\n<div id=\"presseartikel-block_5131fd68c7640f6265046b4249749791\" class=\"presseartikel_ct article_item\">\n\t<div class=\"presseartikel\">\n\t\t<a target=\"_blank\" href=\"https:\/\/wetest.rahnbodmer.ch\/wp-content\/uploads\/2025\/04\/2025-04-Finanz-und-Wirtschaft-Es-gilt-High-Touch-vor-High-Tech-Interview-Martin-Bidermann-Simon-Rahn.pdf\"><strong>April 2025 \/ Finanz und Wirtschaft<\/strong><\/a>\n\t\t<br><span>\u00abEs gilt High Touch vor High Tech\u00bb, Interview mit Martin Bidermann, Partner Rahn+Bodmer Co. und Simon Rahn, angehender Partner, in der Sonderbeilage \u00abPrivate Banking\u00bb.<\/span>\t\t<br><a target=\"_blank\" href=\"https:\/\/wetest.rahnbodmer.ch\/wp-content\/uploads\/2025\/04\/2025-04-Finanz-und-Wirtschaft-Es-gilt-High-Touch-vor-High-Tech-Interview-Martin-Bidermann-Simon-Rahn.pdf\">&ndash;> Interview lesen<\/a>\n\t<\/div>\n<\/div>\n\n\n\n\n<div id=\"presseartikel-block_a2fb18f2b05dddbd558642faf471c28b\" class=\"presseartikel_ct article_item\">\n\t<div class=\"presseartikel\">\n\t\t<a target=\"_blank\" href=\"https:\/\/wetest.rahnbodmer.ch\/wp-content\/uploads\/2024\/07\/2024-07-FuW-Marktmonitor-Heinz-Ruettimann.pdf\"><strong>Juli 2024 \/ Finanz und Wirtschaft<\/strong><\/a>\n\t\t<br><span>\u00abLustlose Aktienb\u00f6rsen\u00bb, Marktmonitor von Heinz R\u00fcttimann, Investment Office Rahn+Bodmer Co.<\/span>\t\t<br><a target=\"_blank\" href=\"https:\/\/wetest.rahnbodmer.ch\/wp-content\/uploads\/2024\/07\/2024-07-FuW-Marktmonitor-Heinz-Ruettimann.pdf\">&ndash;> Artikel lesen<\/a>\n\t<\/div>\n<\/div>\n\n\n\n\n<div id=\"presseartikel-block_aed55b591a426ffb75c32973e611d187\" class=\"presseartikel_ct article_item\">\n\t<div class=\"presseartikel\">\n\t\t<a target=\"_blank\" href=\"https:\/\/wetest.rahnbodmer.ch\/wp-content\/uploads\/2024\/06\/Finews_06.2024_Chef-der-aeltesten-Zuercher-Privatbank-nimmt-den-Hut.pdf\"><strong>Juni 2024 \/ finews.ch<\/strong><\/a>\n\t\t<br><span>\u00abChef der \u00e4ltesten Z\u00fcrcher Privatbank nimmt den Hut\u00bb, Artikel \u00fcber Rahn+Bodmer Co.<\/span>\t\t<br><a target=\"_blank\" href=\"https:\/\/wetest.rahnbodmer.ch\/wp-content\/uploads\/2024\/06\/Finews_06.2024_Chef-der-aeltesten-Zuercher-Privatbank-nimmt-den-Hut.pdf\">&ndash;> Artikel lesen<\/a>\n\t<\/div>\n<\/div>\n\n\n\n\n<div id=\"presseartikel-block_c43b7ae858a6b690248fd9fcee279843\" class=\"presseartikel_ct article_item\">\n\t<div class=\"presseartikel\">\n\t\t<a target=\"_blank\" href=\"https:\/\/wetest.rahnbodmer.ch\/wp-content\/uploads\/2024\/03\/FuW_Marktmonitor_Heinz_Ruettimann_Maerz2024.pdf\"><strong>M\u00e4rz 2024 \/ Finanz und Wirtschaft<\/strong><\/a>\n\t\t<br><span>\u00abSolange die Musik spielt\u00bb, Marktmonitor von Heinz R\u00fcttimann, Investment Office Rahn+Bodmer Co.<\/span>\t\t<br><a target=\"_blank\" href=\"https:\/\/wetest.rahnbodmer.ch\/wp-content\/uploads\/2024\/03\/FuW_Marktmonitor_Heinz_Ruettimann_Maerz2024.pdf\">&ndash;> Artikel lesen<\/a>\n\t<\/div>\n<\/div>\n\n\n\n\n<div id=\"presseartikel-block_eb04b5cec4596b5cbfbc1f958f4966a9\" class=\"presseartikel_ct article_item\">\n\t<div class=\"presseartikel\">\n\t\t<a target=\"_blank\" href=\"https:\/\/www.youtube.com\/watch?v=vcMumtw24B4\" rel=\"nofollow noopener\"><strong>September 2023 \/ Tele Z\u00fcri<\/strong><\/a>\n\t\t<br><span>Christian Rahn im CEO-Talk von Tele Z\u00fcri.<\/span>\t\t<br><a target=\"_blank\" href=\"https:\/\/www.youtube.com\/watch?v=vcMumtw24B4\" rel=\"nofollow noopener\">&ndash;> Video ansehen<\/a>\n\t<\/div>\n<\/div>\n\n\n\n\n<div id=\"presseartikel-block_7c67bb71ab0a0a695796c2cde92d33a3\" class=\"presseartikel_ct article_item\">\n\t<div class=\"presseartikel\">\n\t\t<a target=\"_blank\" href=\"https:\/\/wetest.rahnbodmer.ch\/wp-content\/uploads\/2023\/07\/2023-07-Finews-Das-sind-die-neuen-Meinungsmacher-im-Schweizer-Banking-Zitate-von-Jay-Bidermann.pdf\"><strong>Juli 2023 \/ finews.ch<\/strong><\/a>\n\t\t<br><span>\u00abDas sind die neuen Meinungsmacher im Schweizer Banking\u00bb, Zitate von Jay Bidermann, Partner Rahn+Bodmer Co.<\/span>\t\t<br><a target=\"_blank\" href=\"https:\/\/wetest.rahnbodmer.ch\/wp-content\/uploads\/2023\/07\/2023-07-Finews-Das-sind-die-neuen-Meinungsmacher-im-Schweizer-Banking-Zitate-von-Jay-Bidermann.pdf\">&ndash;> Artikel lesen<\/a>\n\t<\/div>\n<\/div>\n\n\n\n\n<div id=\"presseartikel-block_dfb0a5a31a78952f3d3320810e77a6da\" class=\"presseartikel_ct article_item\">\n\t<div class=\"presseartikel\">\n\t\t<a target=\"_blank\" href=\"https:\/\/wetest.rahnbodmer.ch\/wp-content\/uploads\/2023\/03\/FuW_PrivatBanking_Maerz_2023.pdf\"><strong>M\u00e4rz 2023 \/ Finanz und Wirtschaft <\/strong><\/a>\n\t\t<br><span>\u00abDas Bed\u00fcrfnis nach Sicherheit ist gestiegen\u00bb, Interview mit Jay Bidermann, Partner Rahn+Bodmer Co.<\/span>\t\t<br><a target=\"_blank\" href=\"https:\/\/wetest.rahnbodmer.ch\/wp-content\/uploads\/2023\/03\/FuW_PrivatBanking_Maerz_2023.pdf\">&ndash;> Interview lesen<\/a>\n\t<\/div>\n<\/div>\n\n\n\n<p><\/p>\n","protected":false},"excerpt":{"rendered":"Wir nehmen uns gerne Zeit f\u00fcr Ihre Fragen Medienkontakt Simon Rahn Rahn+Bodmer Co. Telefon +41 44 639 11 11 info@rahnbodmer.ch Public Relations Jacqueline Jost Rahn+Bodmer Co. Telefon +41 44 639 12 92 jacqueline.jost@rahnbodmer.ch Downloads Logo &gt; Logo JPG&gt; Logo EPS Medienmitteilungen Presseartikel","protected":false},"author":1,"featured_media":884,"parent":0,"menu_order":0,"comment_status":"closed","ping_status":"closed","template":"","meta":{"_acf_changed":false,"inline_featured_image":false,"footnotes":""},"class_list":["post-1020","page","type-page","status-publish","has-post-thumbnail","hentry"],"acf":[],"_links":{"self":[{"href":"https:\/\/wetest.rahnbodmer.ch\/de\/wp-json\/wp\/v2\/pages\/1020","targetHints":{"allow":["GET"]}}],"collection":[{"href":"https:\/\/wetest.rahnbodmer.ch\/de\/wp-json\/wp\/v2\/pages"}],"about":[{"href":"https:\/\/wetest.rahnbodmer.ch\/de\/wp-json\/wp\/v2\/types\/page"}],"author":[{"embeddable":true,"href":"https:\/\/wetest.rahnbodmer.ch\/de\/wp-json\/wp\/v2\/users\/1"}],"replies":[{"embeddable":true,"href":"https:\/\/wetest.rahnbodmer.ch\/de\/wp-json\/wp\/v2\/comments?post=1020"}],"version-history":[{"count":235,"href":"https:\/\/wetest.rahnbodmer.ch\/de\/wp-json\/wp\/v2\/pages\/1020\/revisions"}],"predecessor-version":[{"id":4996,"href":"https:\/\/wetest.rahnbodmer.ch\/de\/wp-json\/wp\/v2\/pages\/1020\/revisions\/4996"}],"wp:featuredmedia":[{"embeddable":true,"href":"https:\/\/wetest.rahnbodmer.ch\/de\/wp-json\/wp\/v2\/media\/884"}],"wp:attachment":[{"href":"https:\/\/wetest.rahnbodmer.ch\/de\/wp-json\/wp\/v2\/media?parent=1020"}],"curies":[{"name":"wp","href":"https:\/\/api.w.org\/{rel}","templated":true}]}}